{"id":87,"date":"2013-08-11T19:06:15","date_gmt":"2013-08-11T19:06:15","guid":{"rendered":"http:\/\/localhost:8888\/test\/?page_id=520"},"modified":"2025-07-17T14:57:52","modified_gmt":"2025-07-17T14:57:52","slug":"about","status":"publish","type":"page","link":"https:\/\/fkclinic.net\/tr\/about\/","title":{"rendered":"Hakk\u0131nda"},"content":{"rendered":"<div id=\"page-header-1963494002\" class=\"page-header-wrapper\">\n  <div class=\"page-title dark featured-title has-parallax\">\n\n        <div class=\"page-title-bg\">\n      <div class=\"title-bg fill bg-fill\"\n        data-parallax-container=\".page-title\"\n        data-parallax-background\n data-parallax=\"-10\">\n      <\/div>\n      <div class=\"title-overlay fill\"><\/div>\n    <\/div>\n    \n    <div class=\"page-title-inner container align-center text-center flex-row-col medium-flex-wrap\" >\n              <div class=\"title-wrapper is-xxsmall flex-col\">\n          <h1 class=\"entry-title mb-0\">\n            Hakk\u0131nda          <\/h1>\n        <\/div>\n                    <div class=\"title-content flex-col\">\n        <div class=\"title-breadcrumbs pb-half pt-half\"><\/div>      <\/div>\n    <\/div>\n\n     \n<style>\n#page-header-1963494002 .page-title-inner {\n  min-height: 452px;\n}\n#page-header-1963494002 {\n  margin-bottom: 48px;\n}\n#page-header-1963494002 .title-bg {\n  background-image: url(https:\/\/fkclinic.net\/wp-content\/uploads\/2025\/07\/shutterstock_25054871631-scaled.jpg);\n  background-position: 100% 54%;\n}\n<\/style>\n  <\/div>\n    <\/div>\n  \n<div class=\"row\"  id=\"row-824782111\">\n\n\t<div id=\"col-262032648\" class=\"col small-12 large-12\"  >\n\t\t\t\t<div class=\"col-inner\"  >\n\t\t\t\n\t\t\t\n\t<div id=\"text-1185614627\" class=\"text\">\n\t\t\n<div class=\"col-lg-12\">\n<div class=\"\">\n<p style=\"text-align: left;\" data-start=\"55\" data-end=\"395\"><strong data-start=\"55\" data-end=\"79\">FK Clinic | Hakk\u0131m\u0131zda<\/strong><br data-start=\"79\" data-end=\"82\" \/>FK Clinic olarak biz, do\u011frudan bir hastane ya da klinik de\u011filiz. Yurt d\u0131\u015f\u0131ndan gelen hastalar\u0131 T\u00fcrkiye\u2019deki alan\u0131nda uzman sa\u011fl\u0131k kurulu\u015flar\u0131na y\u00f6nlendiren, tedavi s\u00fcreci, ula\u015f\u0131m ve konaklama hizmetlerini organize eden arac\u0131 bir sa\u011fl\u0131k turizmi firmas\u0131y\u0131z. Hastalar\u0131m\u0131za g\u00fcvenli, konforlu ve planl\u0131 bir sa\u011fl\u0131k yolculu\u011fu sunuyoruz.<\/p>\n<p style=\"text-align: left;\" data-start=\"397\" data-end=\"546\"><strong data-start=\"397\" data-end=\"413\">Hizmetlerimiz<\/strong><br data-start=\"413\" data-end=\"416\" \/><strong data-start=\"416\" data-end=\"453\">Otel Rezervasyonu &amp; Konaklama<\/strong><br data-start=\"453\" data-end=\"456\" \/>Anla\u015fmal\u0131 oldu\u011fumuz y\u00fcksek standartl\u0131 oteller arac\u0131l\u0131\u011f\u0131yla hastalar\u0131m\u0131z\u0131n tedavi s\u00fcresince rahat etmelerini sa\u011fl\u0131yoruz.<\/p>\n<p style=\"text-align: left;\" data-start=\"548\" data-end=\"651\"><strong data-start=\"548\" data-end=\"567\">U\u00e7u\u015f Planlamas\u0131<\/strong><br data-start=\"567\" data-end=\"570\" \/>Tedavi takvimine uygun \u015fekilde u\u00e7u\u015f planlamas\u0131 ve biletleme deste\u011fi sa\u011fl\u0131yoruz.<\/p>\n<p style=\"text-align: left;\" data-start=\"653\" data-end=\"757\"><strong data-start=\"653\" data-end=\"674\">Havaliman\u0131 Transferi<\/strong><br data-start=\"674\" data-end=\"677\" \/>Size \u00f6zel transfer ara\u00e7lar\u0131m\u0131zla havaliman\u0131, otel ve hastane aras\u0131ndaki t\u00fcm ula\u015f\u0131mlar\u0131n\u0131z\u0131 sa\u011fl\u0131yoruz.<\/p>\n<p style=\"text-align: left;\" data-start=\"759\" data-end=\"876\"><strong data-start=\"759\" data-end=\"781\">Obezite Tedavileri<\/strong><br data-start=\"781\" data-end=\"784\" \/>T\u00fcp mide, mide baypas\u0131, mide botoksu ve mide balonu gibi cerrahi ve cerrahisiz y\u00f6ntemler sunuyoruz.<\/p>\n<p style=\"text-align: left;\" data-start=\"878\" data-end=\"1056\"><strong data-start=\"878\" data-end=\"908\">Estetik Cerrahi \u0130\u015flemleri<\/strong><br data-start=\"908\" data-end=\"911\" \/>Rinoplasti, y\u00fcz germe, boyun gen\u00e7le\u015ftirme, meme ameliyatlar\u0131, kar\u0131n germe, v\u00fccut \u015fekillendirme, liposuction, mommy makeover ve ka\u015f kald\u0131rma i\u015flemlerini i\u00e7erir.<\/p>\n<p style=\"text-align: left;\" data-start=\"1058\" data-end=\"1188\"><strong data-start=\"1058\" data-end=\"1079\">Kanser Tedavileri<\/strong><br data-start=\"1079\" data-end=\"1082\" \/>Cerrahi, kemoterapi ve radyoterapi gibi \u00e7ok y\u00f6nl\u00fc tedavilere eri\u015fim sa\u011fl\u0131yoruz.<\/p>\n<p style=\"text-align: left;\" data-start=\"1190\" data-end=\"1292\"><strong data-start=\"1190\" data-end=\"1216\">G\u00f6z Tedavileri<\/strong><br data-start=\"1216\" data-end=\"1219\" \/>Lazer g\u00f6z ameliyatlar\u0131, katarakt cerrahisi ve refraktif cerrahi i\u015flemlerini i\u00e7erir.<\/p>\n<p style=\"text-align: left;\" data-start=\"1294\" data-end=\"1412\"><strong data-start=\"1294\" data-end=\"1324\">Sa\u00e7 Ekimi Y\u00f6ntemleri<\/strong><br data-start=\"1324\" data-end=\"1327\" \/>FUE, DHI ve Safir FUE gibi modern tekniklerle do\u011fal g\u00f6r\u00fcn\u00fcml\u00fc sa\u00e7 ekimi i\u015flemleri sunuyoruz.<\/p>\n<p style=\"text-align: left;\" data-start=\"1414\" data-end=\"1536\" data-is-last-node=\"\" data-is-only-node=\"\"><strong data-start=\"1414\" data-end=\"1438\">Di\u015f ve A\u011f\u0131z Sa\u011fl\u0131\u011f\u0131<\/strong><br data-start=\"1438\" data-end=\"1441\" \/>Hollywood Smile, implant, zirkonyum kaplama ve ortodonti gibi tedavileri organize ediyoruz.<\/p>\n<\/div>\n<\/div>\n\t\t\n<style>\n#text-1185614627 {\n  line-height: 3;\n  text-align: center;\n}\n<\/style>\n\t<\/div>\n\t\n\t\t<\/div>\n\t\t\t\t\t<\/div>\n\n\t\n<\/div>","protected":false},"excerpt":{"rendered":"","protected":false},"author":1,"featured_media":1512,"parent":0,"menu_order":0,"comment_status":"closed","ping_status":"closed","template":"","meta":{"footnotes":""},"class_list":["post-87","page","type-page","status-publish","has-post-thumbnail","hentry"],"_links":{"self":[{"href":"https:\/\/fkclinic.net\/tr\/wp-json\/wp\/v2\/pages\/87","targetHints":{"allow":["GET"]}}],"collection":[{"href":"https:\/\/fkclinic.net\/tr\/wp-json\/wp\/v2\/pages"}],"about":[{"href":"https:\/\/fkclinic.net\/tr\/wp-json\/wp\/v2\/types\/page"}],"author":[{"embeddable":true,"href":"https:\/\/fkclinic.net\/tr\/wp-json\/wp\/v2\/users\/1"}],"replies":[{"embeddable":true,"href":"https:\/\/fkclinic.net\/tr\/wp-json\/wp\/v2\/comments?post=87"}],"version-history":[{"count":49,"href":"https:\/\/fkclinic.net\/tr\/wp-json\/wp\/v2\/pages\/87\/revisions"}],"predecessor-version":[{"id":1604,"href":"https:\/\/fkclinic.net\/tr\/wp-json\/wp\/v2\/pages\/87\/revisions\/1604"}],"wp:featuredmedia":[{"embeddable":true,"href":"https:\/\/fkclinic.net\/tr\/wp-json\/wp\/v2\/media\/1512"}],"wp:attachment":[{"href":"https:\/\/fkclinic.net\/tr\/wp-json\/wp\/v2\/media?parent=87"}],"curies":[{"name":"wp","href":"https:\/\/api.w.org\/{rel}","templated":true}]}}