{"id":48,"date":"2016-02-17T13:38:32","date_gmt":"2016-02-17T13:38:32","guid":{"rendered":"http:\/\/flatsome.dev\/?page_id=4025"},"modified":"2026-02-10T13:54:03","modified_gmt":"2026-02-10T13:54:03","slug":"sport-shop","status":"publish","type":"page","link":"https:\/\/fkclinic.net\/tr\/","title":{"rendered":"Car Rental in Istanbul | Affordable &#038; Luxury Options"},"content":{"rendered":"<div class=\"slider-wrapper relative\" id=\"slider-740147323\" style=\"background-color:rgb(0, 0, 0);\">\n    <div class=\"slider slider-nav-circle slider-nav-large slider-nav-light slider-style-normal\"\n        data-flickity-options='{            \"cellAlign\": \"center\",            \"imagesLoaded\": true,            \"lazyLoad\": 1,            \"freeScroll\": false,            \"wrapAround\": true,            \"autoPlay\": 6000,            \"pauseAutoPlayOnHover\" : true,            \"prevNextButtons\": true,            \"contain\" : true,            \"adaptiveHeight\" : true,            \"dragThreshold\" : 10,            \"percentPosition\": true,            \"pageDots\": true,            \"rightToLeft\": false,            \"draggable\": true,            \"selectedAttraction\": 0.1,            \"parallax\" : 0,            \"friction\": 0.6        }'\n        >\n        \n\n  <div class=\"banner has-hover is-full-height\" id=\"banner-1496243451\">\n          <div class=\"banner-inner fill\">\n        <div class=\"banner-bg fill\" >\n            <div class=\"bg fill bg-fill\"><\/div>\n                        <div class=\"overlay\"><\/div>            \n                    <\/div>\n\t\t\n        <div class=\"banner-layers container\">\n            <div class=\"fill banner-link\"><\/div>            \n   <div id=\"text-box-995797056\" class=\"text-box banner-layer x0 md-x0 lg-x0 y45 md-y45 lg-y45 res-text\">\n                                <div class=\"text-box-content text dark\">\n              \n              <div class=\"text-inner text-center\">\n                  \n<div class=\"item active\">\n<div class=\"container\">\n<div class=\"carousel-content animated fadeIn text-dark\">\n<div class=\"slide-title animated fadeIn\">\n<h2 class=\"headline-large\" style=\"text-align: left;\">T\u00fcrkiye'deki g\u00fcvenilir orta\u011f\u0131n\u0131z<\/h2>\n<\/div>\n<\/div>\n<\/div>\n<\/div>\n              <\/div>\n           <\/div>\n                            \n<style>\n#text-box-995797056 {\n  width: 60%;\n}\n#text-box-995797056 .text-box-content {\n  font-size: 100%;\n}\n@media (min-width:550px) {\n  #text-box-995797056 {\n    width: 60%;\n  }\n}\n<\/style>\n    <\/div>\n \n        <\/div>\n      <\/div>\n\n            \n<style>\n#banner-1496243451 {\n  padding-top: 100%;\n  background-color: rgb(0,0,0);\n}\n#banner-1496243451 .bg.bg-loaded {\n  background-image: url(https:\/\/fkclinic.net\/wp-content\/uploads\/2025\/07\/shutterstock_25054871631-scaled.jpg);\n}\n#banner-1496243451 .overlay {\n  background-color: rgba(0,0,0,.5);\n}\n#banner-1496243451 .bg {\n  background-position: 79% 43%;\n}\n#banner-1496243451 .ux-shape-divider--top svg {\n  height: 150px;\n  --divider-top-width: 100%;\n}\n#banner-1496243451 .ux-shape-divider--bottom svg {\n  height: 150px;\n  --divider-width: 100%;\n}\n<\/style>\n  <\/div>\n\n\n     <\/div>\n\n     <div class=\"loading-spin dark large centered\"><\/div>\n\n     \t<\/div>\n\n\n\t<div id=\"gap-1810069716\" class=\"gap-element clearfix\" style=\"display:block; height:auto;\">\n\t\t\n<style>\n#gap-1810069716 {\n  padding-top: 30px;\n}\n<\/style>\n\t<\/div>\n\t\n<div class=\"container section-title-container\" style=\"margin-top:36px;margin-bottom:26px;\"><h2 class=\"section-title section-title-bold-center\"><b><\/b><span class=\"section-title-main\" >Hakk\u0131m\u0131zda<\/span><b><\/b><\/h2><\/div>\n<p><img loading=\"lazy\" decoding=\"async\" class=\"wp-image-1560 size-medium aligncenter\" src=\"https:\/\/fkclinic.net\/wp-content\/uploads\/2025\/07\/shutterstock_25054871631-600x400.jpg\" alt=\"\" width=\"600\" height=\"400\" srcset=\"https:\/\/fkclinic.net\/wp-content\/uploads\/2025\/07\/shutterstock_25054871631-600x400.jpg 600w, https:\/\/fkclinic.net\/wp-content\/uploads\/2025\/07\/shutterstock_25054871631-1200x800.jpg 1200w, https:\/\/fkclinic.net\/wp-content\/uploads\/2025\/07\/shutterstock_25054871631-768x512.jpg 768w, https:\/\/fkclinic.net\/wp-content\/uploads\/2025\/07\/shutterstock_25054871631-1536x1024.jpg 1536w, https:\/\/fkclinic.net\/wp-content\/uploads\/2025\/07\/shutterstock_25054871631-2048x1365.jpg 2048w, https:\/\/fkclinic.net\/wp-content\/uploads\/2025\/07\/shutterstock_25054871631-18x12.jpg 18w\" sizes=\"auto, (max-width: 600px) 100vw, 600px\" \/><\/p>\n<p class=\"alt-font\" style=\"text-align: center;\">FK Clinic, estetik cerrahi, di\u015f hekimli\u011fi, sa\u00e7 ekimi, g\u00f6z bak\u0131m\u0131 ve daha bir\u00e7ok alanda ileri tedavi se\u00e7enekleri sunan sa\u011fl\u0131k turizmi arac\u0131  kurulu\u015fudur<\/p>\n<p class=\"alt-font\" style=\"text-align: center;\">D\u00fcnyan\u0131n d\u00f6rt bir yan\u0131ndan gelen hastalara d\u00fcnya standartlar\u0131nda sa\u011fl\u0131k hizmeti sunarak T\u00fcrkiye&#039;nin sa\u011fl\u0131k turizmindeki y\u00fckselen ba\u015far\u0131s\u0131n\u0131 gururla temsil ediyoruz.<\/p>\n<div class=\"row\"  id=\"row-389319045\">\n\n\t<div id=\"col-520185398\" class=\"col medium-4 small-12 large-4\"  >\n\t\t\t\t<div class=\"col-inner\"  >\n\t\t\t\n\t\t\t\n\t\t<\/div>\n\t\t\t\t\t<\/div>\n\n\t\n\n\t<div id=\"col-1207322441\" class=\"col medium-4 small-12 large-4\"  >\n\t\t\t\t<div class=\"col-inner text-center\"  >\n\t\t\t\n\t\t\t\n<a href=\"\/tr\/about\/\" target=\"_self\" class=\"button primary is-outline\"  style=\"border-radius:10px;\">\n    <span>Ayr\u0131nt\u0131lar\u0131 G\u00f6r<\/span>\n  <\/a>\n\n\t\t<\/div>\n\t\t\t\t\t<\/div>\n\n\t\n\n\t<div id=\"col-328425928\" class=\"col medium-4 small-12 large-4\"  >\n\t\t\t\t<div class=\"col-inner\"  >\n\t\t\t\n\t\t\t\n\t\t<\/div>\n\t\t\t\t\t<\/div>\n\n\t\n<\/div>\n<div class=\"container section-title-container\" ><h2 class=\"section-title section-title-center\"><b><\/b><span class=\"section-title-main\" >Tedaviler ve Hizmetler<\/span><b><\/b><\/h2><\/div>\n\n  \n    <div class=\"row large-columns-3 medium-columns-1 small-columns-1\">\n  <div class=\"col post-item\" >\n\t\t\t<div class=\"col-inner\">\n\t\t\t<a href=\"https:\/\/fkclinic.net\/tr\/dental-oral-health\/\" class=\"plain\">\n\t\t\t\t<div class=\"box box-default box-text-bottom box-blog-post has-hover\">\n            \t\t\t\t\t<div class=\"box-image\" >\n  \t\t\t\t\t\t<div class=\"image-cover\" style=\"padding-top:56.25%;\">\n  \t\t\t\t\t\t\t<img loading=\"lazy\" decoding=\"async\" width=\"600\" height=\"400\" src=\"https:\/\/fkclinic.net\/wp-content\/uploads\/2025\/07\/5-600x400.jpg\" class=\"attachment-medium size-medium wp-post-image\" alt=\"\" srcset=\"https:\/\/fkclinic.net\/wp-content\/uploads\/2025\/07\/5-600x400.jpg 600w, https:\/\/fkclinic.net\/wp-content\/uploads\/2025\/07\/5-768x512.jpg 768w, https:\/\/fkclinic.net\/wp-content\/uploads\/2025\/07\/5-18x12.jpg 18w, https:\/\/fkclinic.net\/wp-content\/uploads\/2025\/07\/5.jpg 1024w\" sizes=\"auto, (max-width: 600px) 100vw, 600px\" \/>  \t\t\t\t\t\t\t  \t\t\t\t\t\t\t  \t\t\t\t\t\t<\/div>\n  \t\t\t\t\t\t  \t\t\t\t\t<\/div>\n          \t\t\t\t\t<div class=\"box-text text-center\" >\n\t\t\t\t\t<div class=\"box-text-inner blog-post-inner\">\n\n\t\t\t\t\t\n\t\t\t\t\t\t\t\t\t\t<h5 class=\"post-title is-large\">Dental &#038; Oral Health<\/h5>\n\t\t\t\t\t\t\t\t\t\t<div class=\"is-divider\"><\/div>\n\t\t\t\t\t                    \n\t\t\t\t\t\n\t\t\t\t\t\n\t\t\t\t\t<\/div>\n\t\t\t\t\t<\/div>\n\t\t\t\t\t\t\t\t\t<\/div>\n\t\t\t\t<\/a>\n\t\t\t<\/div>\n\t\t<\/div><div class=\"col post-item\" >\n\t\t\t<div class=\"col-inner\">\n\t\t\t<a href=\"https:\/\/fkclinic.net\/tr\/hair-transplant-techniques\/\" class=\"plain\">\n\t\t\t\t<div class=\"box box-default box-text-bottom box-blog-post has-hover\">\n            \t\t\t\t\t<div class=\"box-image\" >\n  \t\t\t\t\t\t<div class=\"image-cover\" style=\"padding-top:56.25%;\">\n  \t\t\t\t\t\t\t<img loading=\"lazy\" decoding=\"async\" width=\"742\" height=\"400\" src=\"https:\/\/fkclinic.net\/wp-content\/uploads\/2025\/07\/3-742x400.jpg\" class=\"attachment-medium size-medium wp-post-image\" alt=\"\" srcset=\"https:\/\/fkclinic.net\/wp-content\/uploads\/2025\/07\/3-742x400.jpg 742w, https:\/\/fkclinic.net\/wp-content\/uploads\/2025\/07\/3-768x414.jpg 768w, https:\/\/fkclinic.net\/wp-content\/uploads\/2025\/07\/3-18x10.jpg 18w, https:\/\/fkclinic.net\/wp-content\/uploads\/2025\/07\/3.jpg 870w\" sizes=\"auto, (max-width: 742px) 100vw, 742px\" \/>  \t\t\t\t\t\t\t  \t\t\t\t\t\t\t  \t\t\t\t\t\t<\/div>\n  \t\t\t\t\t\t  \t\t\t\t\t<\/div>\n          \t\t\t\t\t<div class=\"box-text text-center\" >\n\t\t\t\t\t<div class=\"box-text-inner blog-post-inner\">\n\n\t\t\t\t\t\n\t\t\t\t\t\t\t\t\t\t<h5 class=\"post-title is-large\">Sa\u00e7 Ekimi Y\u00f6ntemleri<\/h5>\n\t\t\t\t\t\t\t\t\t\t<div class=\"is-divider\"><\/div>\n\t\t\t\t\t                    \n\t\t\t\t\t\n\t\t\t\t\t\n\t\t\t\t\t<\/div>\n\t\t\t\t\t<\/div>\n\t\t\t\t\t\t\t\t\t<\/div>\n\t\t\t\t<\/a>\n\t\t\t<\/div>\n\t\t<\/div><div class=\"col post-item\" >\n\t\t\t<div class=\"col-inner\">\n\t\t\t<a href=\"https:\/\/fkclinic.net\/tr\/eye-surgery-treatments\/\" class=\"plain\">\n\t\t\t\t<div class=\"box box-default box-text-bottom box-blog-post has-hover\">\n            \t\t\t\t\t<div class=\"box-image\" >\n  \t\t\t\t\t\t<div class=\"image-cover\" style=\"padding-top:56.25%;\">\n  \t\t\t\t\t\t\t<img loading=\"lazy\" decoding=\"async\" width=\"800\" height=\"356\" src=\"https:\/\/fkclinic.net\/wp-content\/uploads\/2025\/07\/6-800x356.jpg\" class=\"attachment-medium size-medium wp-post-image\" alt=\"\" srcset=\"https:\/\/fkclinic.net\/wp-content\/uploads\/2025\/07\/6-800x356.jpg 800w, https:\/\/fkclinic.net\/wp-content\/uploads\/2025\/07\/6-768x341.jpg 768w, https:\/\/fkclinic.net\/wp-content\/uploads\/2025\/07\/6-18x8.jpg 18w, https:\/\/fkclinic.net\/wp-content\/uploads\/2025\/07\/6.jpg 900w\" sizes=\"auto, (max-width: 800px) 100vw, 800px\" \/>  \t\t\t\t\t\t\t  \t\t\t\t\t\t\t  \t\t\t\t\t\t<\/div>\n  \t\t\t\t\t\t  \t\t\t\t\t<\/div>\n          \t\t\t\t\t<div class=\"box-text text-center\" >\n\t\t\t\t\t<div class=\"box-text-inner blog-post-inner\">\n\n\t\t\t\t\t\n\t\t\t\t\t\t\t\t\t\t<h5 class=\"post-title is-large\">G\u00f6z Tedavileri<\/h5>\n\t\t\t\t\t\t\t\t\t\t<div class=\"is-divider\"><\/div>\n\t\t\t\t\t                    \n\t\t\t\t\t\n\t\t\t\t\t\n\t\t\t\t\t<\/div>\n\t\t\t\t\t<\/div>\n\t\t\t\t\t\t\t\t\t<\/div>\n\t\t\t\t<\/a>\n\t\t\t<\/div>\n\t\t<\/div><div class=\"col post-item\" >\n\t\t\t<div class=\"col-inner\">\n\t\t\t<a href=\"https:\/\/fkclinic.net\/tr\/cancer-treatments\/\" class=\"plain\">\n\t\t\t\t<div class=\"box box-default box-text-bottom box-blog-post has-hover\">\n            \t\t\t\t\t<div class=\"box-image\" >\n  \t\t\t\t\t\t<div class=\"image-cover\" style=\"padding-top:56.25%;\">\n  \t\t\t\t\t\t\t<img loading=\"lazy\" decoding=\"async\" width=\"600\" height=\"400\" src=\"https:\/\/fkclinic.net\/wp-content\/uploads\/2025\/07\/7-600x400.png\" class=\"attachment-medium size-medium wp-post-image\" alt=\"\" srcset=\"https:\/\/fkclinic.net\/wp-content\/uploads\/2025\/07\/7-600x400.png 600w, https:\/\/fkclinic.net\/wp-content\/uploads\/2025\/07\/7-18x12.png 18w, https:\/\/fkclinic.net\/wp-content\/uploads\/2025\/07\/7.png 724w\" sizes=\"auto, (max-width: 600px) 100vw, 600px\" \/>  \t\t\t\t\t\t\t  \t\t\t\t\t\t\t  \t\t\t\t\t\t<\/div>\n  \t\t\t\t\t\t  \t\t\t\t\t<\/div>\n          \t\t\t\t\t<div class=\"box-text text-center\" >\n\t\t\t\t\t<div class=\"box-text-inner blog-post-inner\">\n\n\t\t\t\t\t\n\t\t\t\t\t\t\t\t\t\t<h5 class=\"post-title is-large\">Kanser Tedavileri<\/h5>\n\t\t\t\t\t\t\t\t\t\t<div class=\"is-divider\"><\/div>\n\t\t\t\t\t                    \n\t\t\t\t\t\n\t\t\t\t\t\n\t\t\t\t\t<\/div>\n\t\t\t\t\t<\/div>\n\t\t\t\t\t\t\t\t\t<\/div>\n\t\t\t\t<\/a>\n\t\t\t<\/div>\n\t\t<\/div><div class=\"col post-item\" >\n\t\t\t<div class=\"col-inner\">\n\t\t\t<a href=\"https:\/\/fkclinic.net\/tr\/plastic-surgery-procedures\/\" class=\"plain\">\n\t\t\t\t<div class=\"box box-default box-text-bottom box-blog-post has-hover\">\n            \t\t\t\t\t<div class=\"box-image\" >\n  \t\t\t\t\t\t<div class=\"image-cover\" style=\"padding-top:56.25%;\">\n  \t\t\t\t\t\t\t<img loading=\"lazy\" decoding=\"async\" width=\"800\" height=\"318\" src=\"https:\/\/fkclinic.net\/wp-content\/uploads\/2025\/07\/4-800x318.webp\" class=\"attachment-medium size-medium wp-post-image\" alt=\"\" srcset=\"https:\/\/fkclinic.net\/wp-content\/uploads\/2025\/07\/4-800x318.webp 800w, https:\/\/fkclinic.net\/wp-content\/uploads\/2025\/07\/4-768x305.webp 768w, https:\/\/fkclinic.net\/wp-content\/uploads\/2025\/07\/4-18x7.webp 18w, https:\/\/fkclinic.net\/wp-content\/uploads\/2025\/07\/4.webp 1000w\" sizes=\"auto, (max-width: 800px) 100vw, 800px\" \/>  \t\t\t\t\t\t\t  \t\t\t\t\t\t\t  \t\t\t\t\t\t<\/div>\n  \t\t\t\t\t\t  \t\t\t\t\t<\/div>\n          \t\t\t\t\t<div class=\"box-text text-center\" >\n\t\t\t\t\t<div class=\"box-text-inner blog-post-inner\">\n\n\t\t\t\t\t\n\t\t\t\t\t\t\t\t\t\t<h5 class=\"post-title is-large\">Estetik Cerrahi \u0130\u015flemleri<\/h5>\n\t\t\t\t\t\t\t\t\t\t<div class=\"is-divider\"><\/div>\n\t\t\t\t\t                    \n\t\t\t\t\t\n\t\t\t\t\t\n\t\t\t\t\t<\/div>\n\t\t\t\t\t<\/div>\n\t\t\t\t\t\t\t\t\t<\/div>\n\t\t\t\t<\/a>\n\t\t\t<\/div>\n\t\t<\/div><div class=\"col post-item\" >\n\t\t\t<div class=\"col-inner\">\n\t\t\t<a href=\"https:\/\/fkclinic.net\/tr\/obesity-treatments\/\" class=\"plain\">\n\t\t\t\t<div class=\"box box-default box-text-bottom box-blog-post has-hover\">\n            \t\t\t\t\t<div class=\"box-image\" >\n  \t\t\t\t\t\t<div class=\"image-cover\" style=\"padding-top:56.25%;\">\n  \t\t\t\t\t\t\t<img loading=\"lazy\" decoding=\"async\" width=\"666\" height=\"400\" src=\"https:\/\/fkclinic.net\/wp-content\/uploads\/2025\/07\/11-666x400.jpg\" class=\"attachment-medium size-medium wp-post-image\" alt=\"\" srcset=\"https:\/\/fkclinic.net\/wp-content\/uploads\/2025\/07\/11-666x400.jpg 666w, https:\/\/fkclinic.net\/wp-content\/uploads\/2025\/07\/11-1332x800.jpg 1332w, https:\/\/fkclinic.net\/wp-content\/uploads\/2025\/07\/11-768x461.jpg 768w, https:\/\/fkclinic.net\/wp-content\/uploads\/2025\/07\/11-1536x923.jpg 1536w, https:\/\/fkclinic.net\/wp-content\/uploads\/2025\/07\/11-18x12.jpg 18w, https:\/\/fkclinic.net\/wp-content\/uploads\/2025\/07\/11.jpg 1908w\" sizes=\"auto, (max-width: 666px) 100vw, 666px\" \/>  \t\t\t\t\t\t\t  \t\t\t\t\t\t\t  \t\t\t\t\t\t<\/div>\n  \t\t\t\t\t\t  \t\t\t\t\t<\/div>\n          \t\t\t\t\t<div class=\"box-text text-center\" >\n\t\t\t\t\t<div class=\"box-text-inner blog-post-inner\">\n\n\t\t\t\t\t\n\t\t\t\t\t\t\t\t\t\t<h5 class=\"post-title is-large\">Obezite Tedavileri<\/h5>\n\t\t\t\t\t\t\t\t\t\t<div class=\"is-divider\"><\/div>\n\t\t\t\t\t                    \n\t\t\t\t\t\n\t\t\t\t\t\n\t\t\t\t\t<\/div>\n\t\t\t\t\t<\/div>\n\t\t\t\t\t\t\t\t\t<\/div>\n\t\t\t\t<\/a>\n\t\t\t<\/div>\n\t\t<\/div><div class=\"col post-item\" >\n\t\t\t<div class=\"col-inner\">\n\t\t\t<a href=\"https:\/\/fkclinic.net\/tr\/hotel-reservation-accommodation-2\/\" class=\"plain\">\n\t\t\t\t<div class=\"box box-default box-text-bottom box-blog-post has-hover\">\n            \t\t\t\t\t<div class=\"box-image\" >\n  \t\t\t\t\t\t<div class=\"image-cover\" style=\"padding-top:56.25%;\">\n  \t\t\t\t\t\t\t<img loading=\"lazy\" decoding=\"async\" width=\"599\" height=\"400\" src=\"https:\/\/fkclinic.net\/wp-content\/uploads\/2025\/07\/shutterstock_534243568-599x400.jpg\" class=\"attachment-medium size-medium wp-post-image\" alt=\"\" srcset=\"https:\/\/fkclinic.net\/wp-content\/uploads\/2025\/07\/shutterstock_534243568-599x400.jpg 599w, https:\/\/fkclinic.net\/wp-content\/uploads\/2025\/07\/shutterstock_534243568-1198x800.jpg 1198w, https:\/\/fkclinic.net\/wp-content\/uploads\/2025\/07\/shutterstock_534243568-768x513.jpg 768w, https:\/\/fkclinic.net\/wp-content\/uploads\/2025\/07\/shutterstock_534243568-1536x1025.jpg 1536w, https:\/\/fkclinic.net\/wp-content\/uploads\/2025\/07\/shutterstock_534243568-2048x1367.jpg 2048w, https:\/\/fkclinic.net\/wp-content\/uploads\/2025\/07\/shutterstock_534243568-18x12.jpg 18w\" sizes=\"auto, (max-width: 599px) 100vw, 599px\" \/>  \t\t\t\t\t\t\t  \t\t\t\t\t\t\t  \t\t\t\t\t\t<\/div>\n  \t\t\t\t\t\t  \t\t\t\t\t<\/div>\n          \t\t\t\t\t<div class=\"box-text text-center\" >\n\t\t\t\t\t<div class=\"box-text-inner blog-post-inner\">\n\n\t\t\t\t\t\n\t\t\t\t\t\t\t\t\t\t<h5 class=\"post-title is-large\">Otel Rezervasyonu &amp; Konaklama<\/h5>\n\t\t\t\t\t\t\t\t\t\t<div class=\"is-divider\"><\/div>\n\t\t\t\t\t                    \n\t\t\t\t\t\n\t\t\t\t\t\n\t\t\t\t\t<\/div>\n\t\t\t\t\t<\/div>\n\t\t\t\t\t\t\t\t\t<\/div>\n\t\t\t\t<\/a>\n\t\t\t<\/div>\n\t\t<\/div><div class=\"col post-item\" >\n\t\t\t<div class=\"col-inner\">\n\t\t\t<a href=\"https:\/\/fkclinic.net\/tr\/airport-transfer-services\/\" class=\"plain\">\n\t\t\t\t<div class=\"box box-default box-text-bottom box-blog-post has-hover\">\n            \t\t\t\t\t<div class=\"box-image\" >\n  \t\t\t\t\t\t<div class=\"image-cover\" style=\"padding-top:56.25%;\">\n  \t\t\t\t\t\t\t<img loading=\"lazy\" decoding=\"async\" width=\"601\" height=\"400\" src=\"https:\/\/fkclinic.net\/wp-content\/uploads\/2025\/07\/shutterstock_1610569759-601x400.jpg\" class=\"attachment-medium size-medium wp-post-image\" alt=\"\" srcset=\"https:\/\/fkclinic.net\/wp-content\/uploads\/2025\/07\/shutterstock_1610569759-601x400.jpg 601w, https:\/\/fkclinic.net\/wp-content\/uploads\/2025\/07\/shutterstock_1610569759-1202x800.jpg 1202w, https:\/\/fkclinic.net\/wp-content\/uploads\/2025\/07\/shutterstock_1610569759-768x511.jpg 768w, https:\/\/fkclinic.net\/wp-content\/uploads\/2025\/07\/shutterstock_1610569759-1536x1022.jpg 1536w, https:\/\/fkclinic.net\/wp-content\/uploads\/2025\/07\/shutterstock_1610569759-2048x1363.jpg 2048w, https:\/\/fkclinic.net\/wp-content\/uploads\/2025\/07\/shutterstock_1610569759-18x12.jpg 18w\" sizes=\"auto, (max-width: 601px) 100vw, 601px\" \/>  \t\t\t\t\t\t\t  \t\t\t\t\t\t\t  \t\t\t\t\t\t<\/div>\n  \t\t\t\t\t\t  \t\t\t\t\t<\/div>\n          \t\t\t\t\t<div class=\"box-text text-center\" >\n\t\t\t\t\t<div class=\"box-text-inner blog-post-inner\">\n\n\t\t\t\t\t\n\t\t\t\t\t\t\t\t\t\t<h5 class=\"post-title is-large\">Havaliman\u0131 Transferi<\/h5>\n\t\t\t\t\t\t\t\t\t\t<div class=\"is-divider\"><\/div>\n\t\t\t\t\t                    \n\t\t\t\t\t\n\t\t\t\t\t\n\t\t\t\t\t<\/div>\n\t\t\t\t\t<\/div>\n\t\t\t\t\t\t\t\t\t<\/div>\n\t\t\t\t<\/a>\n\t\t\t<\/div>\n\t\t<\/div><div class=\"col post-item\" >\n\t\t\t<div class=\"col-inner\">\n\t\t\t<a href=\"https:\/\/fkclinic.net\/tr\/flight-planning\/\" class=\"plain\">\n\t\t\t\t<div class=\"box box-default box-text-bottom box-blog-post has-hover\">\n            \t\t\t\t\t<div class=\"box-image\" >\n  \t\t\t\t\t\t<div class=\"image-cover\" style=\"padding-top:56.25%;\">\n  \t\t\t\t\t\t\t<img loading=\"lazy\" decoding=\"async\" width=\"533\" height=\"400\" src=\"https:\/\/fkclinic.net\/wp-content\/uploads\/2025\/07\/shutterstock_515383492-533x400.jpg\" class=\"attachment-medium size-medium wp-post-image\" alt=\"\" srcset=\"https:\/\/fkclinic.net\/wp-content\/uploads\/2025\/07\/shutterstock_515383492-533x400.jpg 533w, https:\/\/fkclinic.net\/wp-content\/uploads\/2025\/07\/shutterstock_515383492-1067x800.jpg 1067w, https:\/\/fkclinic.net\/wp-content\/uploads\/2025\/07\/shutterstock_515383492-768x576.jpg 768w, https:\/\/fkclinic.net\/wp-content\/uploads\/2025\/07\/shutterstock_515383492-1536x1152.jpg 1536w, https:\/\/fkclinic.net\/wp-content\/uploads\/2025\/07\/shutterstock_515383492-2048x1536.jpg 2048w, https:\/\/fkclinic.net\/wp-content\/uploads\/2025\/07\/shutterstock_515383492-16x12.jpg 16w\" sizes=\"auto, (max-width: 533px) 100vw, 533px\" \/>  \t\t\t\t\t\t\t  \t\t\t\t\t\t\t  \t\t\t\t\t\t<\/div>\n  \t\t\t\t\t\t  \t\t\t\t\t<\/div>\n          \t\t\t\t\t<div class=\"box-text text-center\" >\n\t\t\t\t\t<div class=\"box-text-inner blog-post-inner\">\n\n\t\t\t\t\t\n\t\t\t\t\t\t\t\t\t\t<h5 class=\"post-title is-large\">U\u00e7u\u015f Planlamas\u0131<\/h5>\n\t\t\t\t\t\t\t\t\t\t<div class=\"is-divider\"><\/div>\n\t\t\t\t\t                    \n\t\t\t\t\t\n\t\t\t\t\t\n\t\t\t\t\t<\/div>\n\t\t\t\t\t<\/div>\n\t\t\t\t\t\t\t\t\t<\/div>\n\t\t\t\t<\/a>\n\t\t\t<\/div>\n\t\t<\/div><\/div>\n<div class=\"row\"  id=\"row-963955005\">\n\n\t<div id=\"col-459181386\" class=\"col small-12 large-12\"  >\n\t\t\t\t<div class=\"col-inner\"  >\n\t\t\t\n\t\t\t\n\t<div class=\"img has-hover x md-x lg-x y md-y lg-y\" id=\"image_1228716675\">\n\t\t\t\t\t\t\t\t<div class=\"img-inner dark\" >\n\t\t\t<img loading=\"lazy\" decoding=\"async\" width=\"1072\" height=\"781\" src=\"https:\/\/fkclinic.net\/wp-content\/uploads\/2026\/02\/dsadadssa.png\" class=\"attachment-original size-original\" alt=\"\" srcset=\"https:\/\/fkclinic.net\/wp-content\/uploads\/2026\/02\/dsadadssa.png 1072w, https:\/\/fkclinic.net\/wp-content\/uploads\/2026\/02\/dsadadssa-549x400.png 549w, https:\/\/fkclinic.net\/wp-content\/uploads\/2026\/02\/dsadadssa-768x560.png 768w, https:\/\/fkclinic.net\/wp-content\/uploads\/2026\/02\/dsadadssa-16x12.png 16w\" sizes=\"auto, (max-width: 1072px) 100vw, 1072px\" \/>\t\t\t\t\t\t\n\t\t\t\t\t<\/div>\n\t\t\t\t\t\t\t\t\n<style>\n#image_1228716675 {\n  width: 100%;\n}\n<\/style>\n\t<\/div>\n\t\n\t\t<\/div>\n\t\t\t\t\t<\/div>\n\n\t\n<\/div>","protected":false},"excerpt":{"rendered":"<p>FK Clinic is a health tourism intermediary that offers advanced treatment options in many fields such as aesthetic surgery, dentistry, hair transplantation, eye care, and more. We proudly represent Turkey\u2019s rising success in medical tourism by delivering world-class healthcare services to patients from around the globe.<\/p>","protected":false},"author":1,"featured_media":1512,"parent":67,"menu_order":13,"comment_status":"closed","ping_status":"closed","template":"page-transparent-header.php","meta":{"footnotes":""},"class_list":["post-48","page","type-page","status-publish","has-post-thumbnail","hentry"],"_links":{"self":[{"href":"https:\/\/fkclinic.net\/tr\/wp-json\/wp\/v2\/pages\/48","targetHints":{"allow":["GET"]}}],"collection":[{"href":"https:\/\/fkclinic.net\/tr\/wp-json\/wp\/v2\/pages"}],"about":[{"href":"https:\/\/fkclinic.net\/tr\/wp-json\/wp\/v2\/types\/page"}],"author":[{"embeddable":true,"href":"https:\/\/fkclinic.net\/tr\/wp-json\/wp\/v2\/users\/1"}],"replies":[{"embeddable":true,"href":"https:\/\/fkclinic.net\/tr\/wp-json\/wp\/v2\/comments?post=48"}],"version-history":[{"count":248,"href":"https:\/\/fkclinic.net\/tr\/wp-json\/wp\/v2\/pages\/48\/revisions"}],"predecessor-version":[{"id":1651,"href":"https:\/\/fkclinic.net\/tr\/wp-json\/wp\/v2\/pages\/48\/revisions\/1651"}],"up":[{"embeddable":true,"href":"https:\/\/fkclinic.net\/tr\/wp-json\/wp\/v2\/pages\/67"}],"wp:featuredmedia":[{"embeddable":true,"href":"https:\/\/fkclinic.net\/tr\/wp-json\/wp\/v2\/media\/1512"}],"wp:attachment":[{"href":"https:\/\/fkclinic.net\/tr\/wp-json\/wp\/v2\/media?parent=48"}],"curies":[{"name":"wp","href":"https:\/\/api.w.org\/{rel}","templated":true}]}}